{"id":138,"date":"2012-07-03T08:22:16","date_gmt":"2012-07-03T08:22:16","guid":{"rendered":"https:\/\/www.opelka.de\/?page_id=138"},"modified":"2022-10-10T06:41:38","modified_gmt":"2022-10-10T06:41:38","slug":"anlagenbau","status":"publish","type":"page","link":"https:\/\/www.opelka.de\/fr\/anlagenbau\/","title":{"rendered":"Anlagenbau"},"content":{"rendered":"<p>Anlagenbau bei Opelka ist eine h\u00f6chst individuelle Angelegenheit.<br \/>\nAnhand Ihrer Rahmenbedingungen fertigen wir Ihnen Anlagen von h\u00f6chster Pr\u00e4zision.<\/p>\n<p>Von kleinen verfahrenstechnischen Anlagen, bis hin zu komplexen Fertigungs- prozessen erhalten Sie bei uns Anlagen in h\u00f6chster Qualit\u00e4t genau nach Ihren Bed\u00fcrfnissen gefertigt.<\/p>\n<p>Gerne ermitteln wir in einem <a title=\"Kontakt\" href=\"https:\/\/www.opelka.de\/fr\/kontakt\/\">pers\u00f6nlichen Gespr\u00e4ch<\/a> Ihre Anforderungen.<\/p>","protected":false},"excerpt":{"rendered":"<p>Anlagenbau bei Opelka ist eine h\u00f6chst individuelle Angelegenheit. Anhand Ihrer Rahmenbedingungen fertigen wir Ihnen Anlagen von h\u00f6chster Pr\u00e4zision. Von kleinen verfahrenstechnischen Anlagen, bis hin zu komplexen Fertigungs- prozessen erhalten Sie bei uns Anlagen in h\u00f6chster Qualit\u00e4t genau nach Ihren Bed\u00fcrfnissen gefertigt. Gerne ermitteln wir in einem pers\u00f6nlichen Gespr\u00e4ch Ihre Anforderungen.<\/p>","protected":false},"author":1,"featured_media":0,"parent":0,"menu_order":0,"comment_status":"closed","ping_status":"closed","template":"dreispaltig_tpl.php","meta":[],"_links":{"self":[{"href":"https:\/\/www.opelka.de\/fr\/wp-json\/wp\/v2\/pages\/138"}],"collection":[{"href":"https:\/\/www.opelka.de\/fr\/wp-json\/wp\/v2\/pages"}],"about":[{"href":"https:\/\/www.opelka.de\/fr\/wp-json\/wp\/v2\/types\/page"}],"author":[{"embeddable":true,"href":"https:\/\/www.opelka.de\/fr\/wp-json\/wp\/v2\/users\/1"}],"replies":[{"embeddable":true,"href":"https:\/\/www.opelka.de\/fr\/wp-json\/wp\/v2\/comments?post=138"}],"version-history":[{"count":15,"href":"https:\/\/www.opelka.de\/fr\/wp-json\/wp\/v2\/pages\/138\/revisions"}],"predecessor-version":[{"id":1003,"href":"https:\/\/www.opelka.de\/fr\/wp-json\/wp\/v2\/pages\/138\/revisions\/1003"}],"wp:attachment":[{"href":"https:\/\/www.opelka.de\/fr\/wp-json\/wp\/v2\/media?parent=138"}],"curies":[{"name":"wp","href":"https:\/\/api.w.org\/{rel}","templated":true}]}}