{"id":147,"date":"2012-07-03T08:24:51","date_gmt":"2012-07-03T08:24:51","guid":{"rendered":"https:\/\/www.opelka.de\/?page_id=147"},"modified":"2012-09-18T12:31:32","modified_gmt":"2012-09-18T12:31:32","slug":"backraum","status":"publish","type":"page","link":"https:\/\/www.opelka.de\/fr\/backraum\/","title":{"rendered":"Backraum"},"content":{"rendered":"<p>Produzieren nach dem neuesten Stand der Technik &#8211; Partnerschaft beginnt im Backtechnikum<\/p>\n<p>Mit dem Opelka-Backraum haben wir ein offenes Labor geschaffen, das wir unseren Kunden und Partnern, aber auch dem wissenschaftlichen Nachwuchs zur Verf\u00fcgung stellen. Bei uns k\u00f6nnen Sie mit Ihren gew\u00fcnschten Zutaten unsere gesamte Maschinenpalette testen. Der Opelka-Backraum stellt eine wertvolle Hilfe bei Erstversuchen, Rezeptur- und Verfahrensentwicklungen dar. Dazu stehen alle Anlagentypen vom kleinsten MB 20 bis zur gro\u00dfen MagicBaker Backstrasse zur Verf\u00fcgung. Auch die Produktbeurteilung kann vor Ort durchgef\u00fchrt werden.<br \/>\n<strong>Das ist Entwicklungspartnerschaft, wie wir sie verstehen:<\/strong><br \/>\nNeue Erkenntnisse aus dem Opelka-Backraum flie\u00dfen direkt in Ihre Praxis ein und optimieren die Produktionsabl\u00e4ufe. Wollen Sie unsere Maschinen im Backtechnikum selbst testen? Gern vereinbaren wir mit Ihnen einen Demonstrationstermin: <a title=\"Kontakt\" href=\"https:\/\/www.opelka.de\/fr\/kontakt\/\">Sprechen Sie uns an<\/a>!<\/p>","protected":false},"excerpt":{"rendered":"<p>Produzieren nach dem neuesten Stand der Technik &#8211; Partnerschaft beginnt im Backtechnikum Mit dem Opelka-Backraum haben wir ein offenes Labor geschaffen, das wir unseren Kunden und Partnern, aber auch dem wissenschaftlichen Nachwuchs zur Verf\u00fcgung stellen. Bei uns k\u00f6nnen Sie mit Ihren gew\u00fcnschten Zutaten unsere gesamte Maschinenpalette testen. Der Opelka-Backraum stellt eine wertvolle Hilfe bei Erstversuchen, [&hellip;]<\/p>","protected":false},"author":1,"featured_media":0,"parent":0,"menu_order":0,"comment_status":"closed","ping_status":"closed","template":"dreispaltig_tpl.php","meta":[],"_links":{"self":[{"href":"https:\/\/www.opelka.de\/fr\/wp-json\/wp\/v2\/pages\/147"}],"collection":[{"href":"https:\/\/www.opelka.de\/fr\/wp-json\/wp\/v2\/pages"}],"about":[{"href":"https:\/\/www.opelka.de\/fr\/wp-json\/wp\/v2\/types\/page"}],"author":[{"embeddable":true,"href":"https:\/\/www.opelka.de\/fr\/wp-json\/wp\/v2\/users\/1"}],"replies":[{"embeddable":true,"href":"https:\/\/www.opelka.de\/fr\/wp-json\/wp\/v2\/comments?post=147"}],"version-history":[{"count":18,"href":"https:\/\/www.opelka.de\/fr\/wp-json\/wp\/v2\/pages\/147\/revisions"}],"predecessor-version":[{"id":454,"href":"https:\/\/www.opelka.de\/fr\/wp-json\/wp\/v2\/pages\/147\/revisions\/454"}],"wp:attachment":[{"href":"https:\/\/www.opelka.de\/fr\/wp-json\/wp\/v2\/media?parent=147"}],"curies":[{"name":"wp","href":"https:\/\/api.w.org\/{rel}","templated":true}]}}