{"id":2,"date":"2012-05-30T11:00:22","date_gmt":"2012-05-30T11:00:22","guid":{"rendered":"https:\/\/www.opelka.de\/?page_id=2"},"modified":"2023-10-13T07:06:17","modified_gmt":"2023-10-13T07:06:17","slug":"home","status":"publish","type":"page","link":"https:\/\/www.opelka.de\/fr\/","title":{"rendered":"Home"},"content":{"rendered":"<h2>Herzlich Willkommen bei Opelka!<\/h2>\n<p><img loading=\"lazy\" class=\"alignleft  wp-image-366\" title=\"jopelka\" src=\"https:\/\/www.opelka.de\/wp-content\/uploads\/2012\/05\/jopelka.jpg\" alt=\"\" width=\"104\" height=\"130\" \/>Der Wind ist f\u00fcr alle Unternehmer gleich \u2013 es kommt darauf an, wie man die Segel setzt. Wer Erfolg m\u00f6chte, braucht Leidenschaft f\u00fcr seine Aufgaben. Das gilt besonders auch in der \u201eMannschaft\u201c. Deshalb habe ich als \u201eKapit\u00e4n\u201c auch eine Entscheidung f\u00fcr die Zukunft getroffen.<\/p>\n<p>Im Juli 2012 haben wir erneut in innovative und effiziente Laser- und Biegetechnologie investiert.<\/p>\n<p>Mit Trumpf und EHT haben wir die perfekten Partner gefunden. Jetzt freuen wir uns auf weitere langfristige Partnerschaften mit Ihnen.<\/p>\n<p>\u00dcberzeugen Sie sich von den vielf\u00e4ltigen M\u00f6glichkeiten, die wir Ihnen bieten.<\/p>\n<p>Josef Opelka<\/p>","protected":false},"excerpt":{"rendered":"<p>Herzlich Willkommen bei Opelka! Der Wind ist f\u00fcr alle Unternehmer gleich \u2013 es kommt darauf an, wie man die Segel setzt. Wer Erfolg m\u00f6chte, braucht Leidenschaft f\u00fcr seine Aufgaben. Das gilt besonders auch in der \u201eMannschaft\u201c. Deshalb habe ich als \u201eKapit\u00e4n\u201c auch eine Entscheidung f\u00fcr die Zukunft getroffen. Im Juli 2012 haben wir erneut in [&hellip;]<\/p>","protected":false},"author":1,"featured_media":219,"parent":0,"menu_order":0,"comment_status":"open","ping_status":"open","template":"","meta":[],"_links":{"self":[{"href":"https:\/\/www.opelka.de\/fr\/wp-json\/wp\/v2\/pages\/2"}],"collection":[{"href":"https:\/\/www.opelka.de\/fr\/wp-json\/wp\/v2\/pages"}],"about":[{"href":"https:\/\/www.opelka.de\/fr\/wp-json\/wp\/v2\/types\/page"}],"author":[{"embeddable":true,"href":"https:\/\/www.opelka.de\/fr\/wp-json\/wp\/v2\/users\/1"}],"replies":[{"embeddable":true,"href":"https:\/\/www.opelka.de\/fr\/wp-json\/wp\/v2\/comments?post=2"}],"version-history":[{"count":42,"href":"https:\/\/www.opelka.de\/fr\/wp-json\/wp\/v2\/pages\/2\/revisions"}],"predecessor-version":[{"id":1054,"href":"https:\/\/www.opelka.de\/fr\/wp-json\/wp\/v2\/pages\/2\/revisions\/1054"}],"wp:featuredmedia":[{"embeddable":true,"href":"https:\/\/www.opelka.de\/fr\/wp-json\/wp\/v2\/media\/219"}],"wp:attachment":[{"href":"https:\/\/www.opelka.de\/fr\/wp-json\/wp\/v2\/media?parent=2"}],"curies":[{"name":"wp","href":"https:\/\/api.w.org\/{rel}","templated":true}]}}