{"id":54,"date":"2012-06-11T10:46:51","date_gmt":"2012-06-11T10:46:51","guid":{"rendered":"https:\/\/www.opelka.de\/?page_id=54"},"modified":"2013-09-16T13:52:27","modified_gmt":"2013-09-16T13:52:27","slug":"historie","status":"publish","type":"page","link":"https:\/\/www.opelka.de\/fr\/historie\/","title":{"rendered":"Unsere Geschichte"},"content":{"rendered":"<p>&nbsp;<\/p>\n<p>Die Firma Opelka wurde am 01.04.1994 von Mechanikermeister und Betriebswirt des Handwerks Josef Opelka in Weinstadt \u2013 Endersbach gegr\u00fcndet.<\/p>\n<p>Bereits 1997 waren die gemieteten R\u00e4ume in Endersbach zu klein geworden und der Umzug in eigene R\u00e4umlichkeiten nach Remseck wurde vollzogen.<\/p>\n<p>Leistungsbereitschaft, gute Ideen und ein tolles, motiviertes Team waren der Schl\u00fcssel zu weiteren Investitionen in die eigene Fertigung.<\/p>\n<p>Neben der Blechfertigung f\u00fcr Kunden aus dem Maschinen-u. Sondermaschinenbau, Medizintechnik, Lebensmittelindustrie, Lackieranlagen und Anlagenbau entwickelte sich die MagicBaker Backtechnik, spezialisiert auf Siedebackger\u00e4te und Siedebackanlagen.<\/p>\n<p>Heute z\u00e4hlt Opelka durch eigene Konstruktion im 3D, eigene Fertigung mit modernsten Blechbearbeitungsmaschinen, eigenem Vertrieb und eigenem Service zu den innovativsten Siedebackmaschinenherstellern.<\/p>\n<p>Opelka fertigt heute mit 20 Mitarbeitern auf 1600 m\u00b2 Edelstahl-Sonderteile als Zulieferer und heizschlangenlose Siedebackmaschinen f\u00fcr B\u00e4ckereien und Backindustrie.<\/p>\n<p>&nbsp;<\/p>","protected":false},"excerpt":{"rendered":"<p>&nbsp; Die Firma Opelka wurde am 01.04.1994 von Mechanikermeister und Betriebswirt des Handwerks Josef Opelka in Weinstadt \u2013 Endersbach gegr\u00fcndet. Bereits 1997 waren die gemieteten R\u00e4ume in Endersbach zu klein geworden und der Umzug in eigene R\u00e4umlichkeiten nach Remseck wurde vollzogen. Leistungsbereitschaft, gute Ideen und ein tolles, motiviertes Team waren der Schl\u00fcssel zu weiteren Investitionen [&hellip;]<\/p>","protected":false},"author":1,"featured_media":0,"parent":0,"menu_order":0,"comment_status":"closed","ping_status":"closed","template":"dreispaltig_tpl.php","meta":[],"_links":{"self":[{"href":"https:\/\/www.opelka.de\/fr\/wp-json\/wp\/v2\/pages\/54"}],"collection":[{"href":"https:\/\/www.opelka.de\/fr\/wp-json\/wp\/v2\/pages"}],"about":[{"href":"https:\/\/www.opelka.de\/fr\/wp-json\/wp\/v2\/types\/page"}],"author":[{"embeddable":true,"href":"https:\/\/www.opelka.de\/fr\/wp-json\/wp\/v2\/users\/1"}],"replies":[{"embeddable":true,"href":"https:\/\/www.opelka.de\/fr\/wp-json\/wp\/v2\/comments?post=54"}],"version-history":[{"count":11,"href":"https:\/\/www.opelka.de\/fr\/wp-json\/wp\/v2\/pages\/54\/revisions"}],"predecessor-version":[{"id":553,"href":"https:\/\/www.opelka.de\/fr\/wp-json\/wp\/v2\/pages\/54\/revisions\/553"}],"wp:attachment":[{"href":"https:\/\/www.opelka.de\/fr\/wp-json\/wp\/v2\/media?parent=54"}],"curies":[{"name":"wp","href":"https:\/\/api.w.org\/{rel}","templated":true}]}}