{"id":663,"date":"2015-07-01T14:26:11","date_gmt":"2015-07-01T14:26:11","guid":{"rendered":"https:\/\/www.opelka.de\/?page_id=663"},"modified":"2015-08-03T08:47:29","modified_gmt":"2015-08-03T08:47:29","slug":"fettbackanlagen-und-fettbacktechnik","status":"publish","type":"page","link":"https:\/\/www.opelka.de\/fr\/fettbackanlagen-und-fettbacktechnik\/","title":{"rendered":"Fettback-<br \/>anlagen und Fettbacktechnik"},"content":{"rendered":"<p>Die Firma Opelka aus Remseck bei Stuttgart entwickelt und baut heizschlangenlose Siedebackanlagen und Siedebackger\u00e4te\/Fettbackger\u00e4te &amp; Fettbackanlagen.<\/p>\n<p>Viele wichtige Neuerungen in der Backtechnik sowie rund ums Sieden, Backen und Frittieren im Allgemeinen sind mit dem Namen Opelka eng verbunden.<\/p>\n<p>F\u00fcr uns war und ist von Anfang an die die Qualit\u00e4t Ihrer Backstationen\/ Siedebackanlagen das wichtigste Anliegen. Dies zeigt sich in unseren Effizienten heizschlangenlosen Systemen ebenso wie in unserer innovativen Fettfilter-Technik und all unseren L\u00f6sungen zur effizienten Weiterverarbeitung. Sei es unser Geb\u00e4ckf\u00fcller, oder eine Durchlaufbezuckerung, jede Anlage von Opelka \u201eMagic Baker\u201c steht f\u00fcr Qualit\u00e4t und Effizienz.<\/p>\n<p>&nbsp;<\/p>\n<p>Auf unseren &#8220;Magic Baker&#8221; Anlagen k\u00f6nnen Sie jede Art von Fettgeb\u00e4ck realisieren. Egal ob Donuts\/Doughnuts, Berliner\/Pfannkuchen, Krapfen etc.<\/p>\n<p>Alle Produkte bestechen durch erstklassige Qualit\u00e4t. Mit unseren Innovativen Wendek\u00f6rben und Geb\u00e4ckf\u00fcllern k\u00f6nnen Sie ihr Siedegeb\u00e4ck schnell und Effizient wenden oder f\u00fcllen.<\/p>\n<p>Egal welche Art an Siedebackspezialit\u00e4ten Sie Sieden (Frittieren) m\u00f6chten, mit einer &#8220;Magic Baker&#8221; Anlage aus dem Hause Opelka sind Sie immer auf der sicheren Seite. Von unseren kleinen Backstationen bis zur gro\u00dfen Siedebackanlage. Die Qualit\u00e4t unserer Produkte ist immer auf h\u00f6chstem Niveau.<\/p>","protected":false},"excerpt":{"rendered":"<p>Die Firma Opelka aus Remseck bei Stuttgart entwickelt und baut heizschlangenlose Siedebackanlagen und Siedebackger\u00e4te\/Fettbackger\u00e4te &amp; Fettbackanlagen. Viele wichtige Neuerungen in der Backtechnik sowie rund ums Sieden, Backen und Frittieren im Allgemeinen sind mit dem Namen Opelka eng verbunden. F\u00fcr uns war und ist von Anfang an die die Qualit\u00e4t Ihrer Backstationen\/ Siedebackanlagen das wichtigste Anliegen. [&hellip;]<\/p>","protected":false},"author":1,"featured_media":0,"parent":0,"menu_order":0,"comment_status":"closed","ping_status":"closed","template":"dreispaltig_tpl.php","meta":[],"_links":{"self":[{"href":"https:\/\/www.opelka.de\/fr\/wp-json\/wp\/v2\/pages\/663"}],"collection":[{"href":"https:\/\/www.opelka.de\/fr\/wp-json\/wp\/v2\/pages"}],"about":[{"href":"https:\/\/www.opelka.de\/fr\/wp-json\/wp\/v2\/types\/page"}],"author":[{"embeddable":true,"href":"https:\/\/www.opelka.de\/fr\/wp-json\/wp\/v2\/users\/1"}],"replies":[{"embeddable":true,"href":"https:\/\/www.opelka.de\/fr\/wp-json\/wp\/v2\/comments?post=663"}],"version-history":[{"count":5,"href":"https:\/\/www.opelka.de\/fr\/wp-json\/wp\/v2\/pages\/663\/revisions"}],"predecessor-version":[{"id":672,"href":"https:\/\/www.opelka.de\/fr\/wp-json\/wp\/v2\/pages\/663\/revisions\/672"}],"wp:attachment":[{"href":"https:\/\/www.opelka.de\/fr\/wp-json\/wp\/v2\/media?parent=663"}],"curies":[{"name":"wp","href":"https:\/\/api.w.org\/{rel}","templated":true}]}}