{"id":77,"date":"2012-06-23T11:13:11","date_gmt":"2012-06-23T11:13:11","guid":{"rendered":"https:\/\/www.opelka.de\/?page_id=77"},"modified":"2012-08-24T08:58:08","modified_gmt":"2012-08-24T08:58:08","slug":"ansprechpartner","status":"publish","type":"page","link":"https:\/\/www.opelka.de\/fr\/ansprechpartner\/","title":{"rendered":"Ansprechpartner"},"content":{"rendered":"<p>F\u00fcr alle konkreten Anfragen oder speziellen Fachfragen stehen Ihnen unsere Spezialisten gerne<br \/>\nzur Verf\u00fcgung. F\u00fcr allgemeine Produktanfragen steht Ihnen unser Anfrageformular zur Verf\u00fcgung.<\/p>\n<p>&nbsp;<\/p>","protected":false},"excerpt":{"rendered":"<p>F\u00fcr alle konkreten Anfragen oder speziellen Fachfragen stehen Ihnen unsere Spezialisten gerne zur Verf\u00fcgung. F\u00fcr allgemeine Produktanfragen steht Ihnen unser Anfrageformular zur Verf\u00fcgung. &nbsp;<\/p>","protected":false},"author":1,"featured_media":0,"parent":0,"menu_order":0,"comment_status":"closed","ping_status":"closed","template":"","meta":[],"_links":{"self":[{"href":"https:\/\/www.opelka.de\/fr\/wp-json\/wp\/v2\/pages\/77"}],"collection":[{"href":"https:\/\/www.opelka.de\/fr\/wp-json\/wp\/v2\/pages"}],"about":[{"href":"https:\/\/www.opelka.de\/fr\/wp-json\/wp\/v2\/types\/page"}],"author":[{"embeddable":true,"href":"https:\/\/www.opelka.de\/fr\/wp-json\/wp\/v2\/users\/1"}],"replies":[{"embeddable":true,"href":"https:\/\/www.opelka.de\/fr\/wp-json\/wp\/v2\/comments?post=77"}],"version-history":[{"count":6,"href":"https:\/\/www.opelka.de\/fr\/wp-json\/wp\/v2\/pages\/77\/revisions"}],"predecessor-version":[{"id":362,"href":"https:\/\/www.opelka.de\/fr\/wp-json\/wp\/v2\/pages\/77\/revisions\/362"}],"wp:attachment":[{"href":"https:\/\/www.opelka.de\/fr\/wp-json\/wp\/v2\/media?parent=77"}],"curies":[{"name":"wp","href":"https:\/\/api.w.org\/{rel}","templated":true}]}}