{"id":9,"date":"2012-05-30T11:46:21","date_gmt":"2012-05-30T11:46:21","guid":{"rendered":"https:\/\/www.opelka.de\/?page_id=9"},"modified":"2020-06-24T05:34:01","modified_gmt":"2020-06-24T05:34:01","slug":"profil","status":"publish","type":"page","link":"https:\/\/www.opelka.de\/fr\/profil\/","title":{"rendered":"Unternehmen"},"content":{"rendered":"<p>Opelka GmbH,<br \/>\nprofessionelle Dienstleistung seit 1994<\/p>\n<p>Die Firma Opelka GmbH unter der F\u00fchrung von Josef Opelka konzentriert sich seit ihrer Gr\u00fcndung 1994 darauf, individuell konzipierte Sonderanfertigungen f\u00fcr ihre Kunden herzustellen. Die st\u00e4ndige Bereitschaft, \u00dcberdurchschnittliches zu leisten, f\u00fchrte zu einer stets zunehmenden und diversifizierten Nachfrage.<\/p>\n<p>Schwerpunkte unserer Arbeit:<\/p>\n<p>Als professioneller Dienstleister unterst\u00fctzen wir unsere Kunden, ganz gleich, ob es sich um eine einfache Maschine oder eine komplexe Fertigungslinie handelt.<\/p>\n<p>Die st\u00e4ndige Innovation in Form neuer Produkte seitens unserer Kunden aus der High-Tech-Branche (z.B. Verfahrens- und Umwelt-<br \/>\ntechnik, Sondermaschinenbau, Medizintechnik, Druckmesstechnik) sowie der Backtechnik wird uns mit neuen Herausforderungen an bekannte und neue Fertigungstechniken konfrontieren.<\/p>","protected":false},"excerpt":{"rendered":"<p>Opelka GmbH, professionelle Dienstleistung seit 1994 Die Firma Opelka GmbH unter der F\u00fchrung von Josef Opelka konzentriert sich seit ihrer Gr\u00fcndung 1994 darauf, individuell konzipierte Sonderanfertigungen f\u00fcr ihre Kunden herzustellen. Die st\u00e4ndige Bereitschaft, \u00dcberdurchschnittliches zu leisten, f\u00fchrte zu einer stets zunehmenden und diversifizierten Nachfrage. Schwerpunkte unserer Arbeit: Als professioneller Dienstleister unterst\u00fctzen wir unsere Kunden, ganz [&hellip;]<\/p>","protected":false},"author":1,"featured_media":0,"parent":0,"menu_order":0,"comment_status":"closed","ping_status":"closed","template":"dreispaltig_tpl.php","meta":[],"_links":{"self":[{"href":"https:\/\/www.opelka.de\/fr\/wp-json\/wp\/v2\/pages\/9"}],"collection":[{"href":"https:\/\/www.opelka.de\/fr\/wp-json\/wp\/v2\/pages"}],"about":[{"href":"https:\/\/www.opelka.de\/fr\/wp-json\/wp\/v2\/types\/page"}],"author":[{"embeddable":true,"href":"https:\/\/www.opelka.de\/fr\/wp-json\/wp\/v2\/users\/1"}],"replies":[{"embeddable":true,"href":"https:\/\/www.opelka.de\/fr\/wp-json\/wp\/v2\/comments?post=9"}],"version-history":[{"count":10,"href":"https:\/\/www.opelka.de\/fr\/wp-json\/wp\/v2\/pages\/9\/revisions"}],"predecessor-version":[{"id":917,"href":"https:\/\/www.opelka.de\/fr\/wp-json\/wp\/v2\/pages\/9\/revisions\/917"}],"wp:attachment":[{"href":"https:\/\/www.opelka.de\/fr\/wp-json\/wp\/v2\/media?parent=9"}],"curies":[{"name":"wp","href":"https:\/\/api.w.org\/{rel}","templated":true}]}}