{"id":144,"date":"2012-07-03T08:23:34","date_gmt":"2012-07-03T08:23:34","guid":{"rendered":"https:\/\/www.opelka.de\/?page_id=144"},"modified":"2023-01-13T14:15:19","modified_gmt":"2023-01-13T14:15:19","slug":"maschinenpark","status":"publish","type":"page","link":"https:\/\/www.opelka.de\/fr\/maschinenpark\/","title":{"rendered":"Maschinenpark"},"content":{"rendered":"<h2>Konstruktion:<\/h2>\n<p><a href=\"https:\/\/www.opelka.de\/wp-content\/uploads\/2023\/01\/DSC00908-scaled.jpg\"><img loading=\"lazy\" class=\"alignnone  wp-image-1023\" src=\"https:\/\/www.opelka.de\/wp-content\/uploads\/2023\/01\/DSC00908-300x167.jpg\" alt=\"\" width=\"356\" height=\"198\" srcset=\"https:\/\/www.opelka.de\/wp-content\/uploads\/2023\/01\/DSC00908-300x167.jpg 300w, https:\/\/www.opelka.de\/wp-content\/uploads\/2023\/01\/DSC00908-1024x571.jpg 1024w, https:\/\/www.opelka.de\/wp-content\/uploads\/2023\/01\/DSC00908-768x428.jpg 768w, https:\/\/www.opelka.de\/wp-content\/uploads\/2023\/01\/DSC00908-1536x857.jpg 1536w, https:\/\/www.opelka.de\/wp-content\/uploads\/2023\/01\/DSC00908-2048x1142.jpg 2048w\" sizes=\"(max-width: 356px) 100vw, 356px\" \/><\/a><\/p>\n<p>3D CAD-Arbeitsplatz mit SolidWorks<\/p>\n<h2>Spanlose Fertigung:<\/h2>\n<p><a href=\"https:\/\/www.opelka.de\/wp-content\/uploads\/2023\/01\/DSC00920-scaled.jpg\"><img loading=\"lazy\" class=\"alignnone size-medium wp-image-1035\" src=\"https:\/\/www.opelka.de\/wp-content\/uploads\/2023\/01\/DSC00920-300x200.jpg\" alt=\"\" width=\"300\" height=\"200\" srcset=\"https:\/\/www.opelka.de\/wp-content\/uploads\/2023\/01\/DSC00920-300x200.jpg 300w, https:\/\/www.opelka.de\/wp-content\/uploads\/2023\/01\/DSC00920-1024x683.jpg 1024w, https:\/\/www.opelka.de\/wp-content\/uploads\/2023\/01\/DSC00920-768x512.jpg 768w, https:\/\/www.opelka.de\/wp-content\/uploads\/2023\/01\/DSC00920-1536x1024.jpg 1536w, https:\/\/www.opelka.de\/wp-content\/uploads\/2023\/01\/DSC00920-2048x1365.jpg 2048w\" sizes=\"(max-width: 300px) 100vw, 300px\" \/><\/a><\/p>\n<p>Trumpf TruLaser 1030(CNC)<br \/>\n<a href=\"https:\/\/www.opelka.de\/wp-content\/uploads\/2023\/01\/DSC00921-scaled.jpg\"><img loading=\"lazy\" class=\"alignnone size-medium wp-image-1036\" src=\"https:\/\/www.opelka.de\/wp-content\/uploads\/2023\/01\/DSC00921-300x200.jpg\" alt=\"\" width=\"300\" height=\"200\" srcset=\"https:\/\/www.opelka.de\/wp-content\/uploads\/2023\/01\/DSC00921-300x200.jpg 300w, https:\/\/www.opelka.de\/wp-content\/uploads\/2023\/01\/DSC00921-1024x683.jpg 1024w, https:\/\/www.opelka.de\/wp-content\/uploads\/2023\/01\/DSC00921-768x512.jpg 768w, https:\/\/www.opelka.de\/wp-content\/uploads\/2023\/01\/DSC00921-1536x1024.jpg 1536w, https:\/\/www.opelka.de\/wp-content\/uploads\/2023\/01\/DSC00921-2048x1365.jpg 2048w\" sizes=\"(max-width: 300px) 100vw, 300px\" \/><\/a><\/p>\n<p>Biegepresse Vario Press 230-35 (CNC) EHT<br \/>\n<a href=\"https:\/\/www.opelka.de\/wp-content\/uploads\/2023\/01\/DSC00916-scaled.jpg\"><img loading=\"lazy\" class=\"alignnone size-medium wp-image-1049\" src=\"https:\/\/www.opelka.de\/wp-content\/uploads\/2023\/01\/DSC00916-300x200.jpg\" alt=\"\" width=\"300\" height=\"200\" srcset=\"https:\/\/www.opelka.de\/wp-content\/uploads\/2023\/01\/DSC00916-300x200.jpg 300w, https:\/\/www.opelka.de\/wp-content\/uploads\/2023\/01\/DSC00916-1024x683.jpg 1024w, https:\/\/www.opelka.de\/wp-content\/uploads\/2023\/01\/DSC00916-768x512.jpg 768w, https:\/\/www.opelka.de\/wp-content\/uploads\/2023\/01\/DSC00916-1536x1024.jpg 1536w, https:\/\/www.opelka.de\/wp-content\/uploads\/2023\/01\/DSC00916-2048x1365.jpg 2048w\" sizes=\"(max-width: 300px) 100vw, 300px\" \/><\/a><\/p>\n<p>Rundmaschine &#8220;Fasti&#8221;<\/p>\n<p><a href=\"https:\/\/www.opelka.de\/wp-content\/uploads\/2023\/01\/DSC00919-scaled.jpg\"><img loading=\"lazy\" class=\"alignnone size-medium wp-image-1034\" src=\"https:\/\/www.opelka.de\/wp-content\/uploads\/2023\/01\/DSC00919-300x200.jpg\" alt=\"\" width=\"300\" height=\"200\" srcset=\"https:\/\/www.opelka.de\/wp-content\/uploads\/2023\/01\/DSC00919-300x200.jpg 300w, https:\/\/www.opelka.de\/wp-content\/uploads\/2023\/01\/DSC00919-1024x683.jpg 1024w, https:\/\/www.opelka.de\/wp-content\/uploads\/2023\/01\/DSC00919-768x512.jpg 768w, https:\/\/www.opelka.de\/wp-content\/uploads\/2023\/01\/DSC00919-1536x1024.jpg 1536w, https:\/\/www.opelka.de\/wp-content\/uploads\/2023\/01\/DSC00919-2048x1365.jpg 2048w\" sizes=\"(max-width: 300px) 100vw, 300px\" \/><\/a><\/p>\n<p>Entgratmaschine LOEWER DM 4TD-1500<\/p>\n<p>Spanende Fertigung:<\/p>\n<p><a href=\"https:\/\/www.opelka.de\/wp-content\/uploads\/2023\/01\/DSC00913-scaled.jpg\"><img loading=\"lazy\" class=\"alignnone size-medium wp-image-1030\" src=\"https:\/\/www.opelka.de\/wp-content\/uploads\/2023\/01\/DSC00913-300x200.jpg\" alt=\"\" width=\"300\" height=\"200\" srcset=\"https:\/\/www.opelka.de\/wp-content\/uploads\/2023\/01\/DSC00913-300x200.jpg 300w, https:\/\/www.opelka.de\/wp-content\/uploads\/2023\/01\/DSC00913-1024x683.jpg 1024w, https:\/\/www.opelka.de\/wp-content\/uploads\/2023\/01\/DSC00913-768x512.jpg 768w, https:\/\/www.opelka.de\/wp-content\/uploads\/2023\/01\/DSC00913-1536x1024.jpg 1536w, https:\/\/www.opelka.de\/wp-content\/uploads\/2023\/01\/DSC00913-2048x1365.jpg 2048w\" sizes=\"(max-width: 300px) 100vw, 300px\" \/><\/a><\/p>\n<p>Fr\u00e4smaschine &#8220;Mikron WF 3 SA&#8221;<br \/>\n<a href=\"https:\/\/www.opelka.de\/wp-content\/uploads\/2023\/01\/DSC00914-scaled.jpg\"><img loading=\"lazy\" class=\"alignnone size-medium wp-image-1031\" src=\"https:\/\/www.opelka.de\/wp-content\/uploads\/2023\/01\/DSC00914-300x200.jpg\" alt=\"\" width=\"300\" height=\"200\" srcset=\"https:\/\/www.opelka.de\/wp-content\/uploads\/2023\/01\/DSC00914-300x200.jpg 300w, https:\/\/www.opelka.de\/wp-content\/uploads\/2023\/01\/DSC00914-1024x683.jpg 1024w, https:\/\/www.opelka.de\/wp-content\/uploads\/2023\/01\/DSC00914-768x512.jpg 768w, https:\/\/www.opelka.de\/wp-content\/uploads\/2023\/01\/DSC00914-1536x1024.jpg 1536w, https:\/\/www.opelka.de\/wp-content\/uploads\/2023\/01\/DSC00914-2048x1365.jpg 2048w\" sizes=\"(max-width: 300px) 100vw, 300px\" \/><\/a><\/p>\n<p>Drehbank &#8220;Piacho S 90-260 \u00d7 1150 mm&#8221;<br \/>\n<a href=\"https:\/\/www.opelka.de\/wp-content\/uploads\/2023\/01\/DSC00915-scaled.jpg\"><img loading=\"lazy\" class=\"alignnone size-medium wp-image-1032\" src=\"https:\/\/www.opelka.de\/wp-content\/uploads\/2023\/01\/DSC00915-300x200.jpg\" alt=\"\" width=\"300\" height=\"200\" srcset=\"https:\/\/www.opelka.de\/wp-content\/uploads\/2023\/01\/DSC00915-300x200.jpg 300w, https:\/\/www.opelka.de\/wp-content\/uploads\/2023\/01\/DSC00915-1024x683.jpg 1024w, https:\/\/www.opelka.de\/wp-content\/uploads\/2023\/01\/DSC00915-768x512.jpg 768w, https:\/\/www.opelka.de\/wp-content\/uploads\/2023\/01\/DSC00915-1536x1024.jpg 1536w, https:\/\/www.opelka.de\/wp-content\/uploads\/2023\/01\/DSC00915-2048x1365.jpg 2048w\" sizes=\"(max-width: 300px) 100vw, 300px\" \/><\/a><\/p>\n<p>Colchester 60 St\u00e4nderbohrmaschinen &#8211;<br \/>\nTischbohrmaschinen<\/p>\n<p><a href=\"https:\/\/www.opelka.de\/wp-content\/uploads\/2023\/01\/DSC00910-scaled.jpg\"><img loading=\"lazy\" class=\"alignnone size-medium wp-image-1028\" src=\"https:\/\/www.opelka.de\/wp-content\/uploads\/2023\/01\/DSC00910-300x200.jpg\" alt=\"\" width=\"300\" height=\"200\" srcset=\"https:\/\/www.opelka.de\/wp-content\/uploads\/2023\/01\/DSC00910-300x200.jpg 300w, https:\/\/www.opelka.de\/wp-content\/uploads\/2023\/01\/DSC00910-1024x683.jpg 1024w, https:\/\/www.opelka.de\/wp-content\/uploads\/2023\/01\/DSC00910-768x512.jpg 768w, https:\/\/www.opelka.de\/wp-content\/uploads\/2023\/01\/DSC00910-1536x1024.jpg 1536w, https:\/\/www.opelka.de\/wp-content\/uploads\/2023\/01\/DSC00910-2048x1365.jpg 2048w\" sizes=\"(max-width: 300px) 100vw, 300px\" \/><\/a><\/p>\n<p>Kaltkreiss\u00e4ge &#8220;Berg &amp; Schmid&#8221;<\/p>\n<h2>Oberfl\u00e4chenbearbeitung:<\/h2>\n<p><a href=\"https:\/\/www.opelka.de\/wp-content\/uploads\/2023\/01\/DSC00924-scaled.jpg\"><img loading=\"lazy\" class=\"alignnone size-medium wp-image-1039\" src=\"https:\/\/www.opelka.de\/wp-content\/uploads\/2023\/01\/DSC00924-200x300.jpg\" alt=\"\" width=\"200\" height=\"300\" srcset=\"https:\/\/www.opelka.de\/wp-content\/uploads\/2023\/01\/DSC00924-200x300.jpg 200w, https:\/\/www.opelka.de\/wp-content\/uploads\/2023\/01\/DSC00924-683x1024.jpg 683w, https:\/\/www.opelka.de\/wp-content\/uploads\/2023\/01\/DSC00924-768x1152.jpg 768w, https:\/\/www.opelka.de\/wp-content\/uploads\/2023\/01\/DSC00924-1024x1536.jpg 1024w, https:\/\/www.opelka.de\/wp-content\/uploads\/2023\/01\/DSC00924-1365x2048.jpg 1365w, https:\/\/www.opelka.de\/wp-content\/uploads\/2023\/01\/DSC00924-scaled.jpg 1707w\" sizes=\"(max-width: 200px) 100vw, 200px\" \/><\/a><\/p>\n<p>Druckglasperlstrahlanlage &#8220;Raga&#8221;<br \/>\nGleitschleifanlage f\u00fcr Kleinteile<br \/>\nTr. Bandschleifmaschine<br \/>\nSchleif- und Polierbock<\/p>\n<h2>Verbindungstechnik:<\/h2>\n<p><a href=\"https:\/\/www.opelka.de\/wp-content\/uploads\/2023\/01\/DSC00923-scaled.jpg\"><img loading=\"lazy\" class=\"alignnone size-medium wp-image-1038\" src=\"https:\/\/www.opelka.de\/wp-content\/uploads\/2023\/01\/DSC00923-300x200.jpg\" alt=\"\" width=\"300\" height=\"200\" srcset=\"https:\/\/www.opelka.de\/wp-content\/uploads\/2023\/01\/DSC00923-300x200.jpg 300w, https:\/\/www.opelka.de\/wp-content\/uploads\/2023\/01\/DSC00923-1024x683.jpg 1024w, https:\/\/www.opelka.de\/wp-content\/uploads\/2023\/01\/DSC00923-768x512.jpg 768w, https:\/\/www.opelka.de\/wp-content\/uploads\/2023\/01\/DSC00923-1536x1024.jpg 1536w, https:\/\/www.opelka.de\/wp-content\/uploads\/2023\/01\/DSC00923-2048x1365.jpg 2048w\" sizes=\"(max-width: 300px) 100vw, 300px\" \/><\/a><\/p>\n<p>Schwei\u00dftisch &#8220;Demmeler&#8221; 2000 \u00d7 1000<br \/>\nWIG-Schwei\u00dfanlagen &#8220;Rehm 230&#8221;<br \/>\nWIG-Schwei\u00dfanlage &#8220;Rehm 160&#8221;<br \/>\nWIG-Schwei\u00dfanlage &#8220;Rehm 210&#8221;<br \/>\nSchwei\u00dfdrehapparat 50<br \/>\nPunktschwei\u00dfmaschine<br \/>\nSto\u00dfpunktmaschine &#8220;WMA&#8221;<br \/>\nBolzenschwei\u00dfger\u00e4t mit Koordinatentisch &#8220;HBS&#8221;<\/p>\n<h2>Verbindungstechnik:<\/h2>\n<p><a href=\"https:\/\/www.opelka.de\/wp-content\/uploads\/2023\/01\/DSC00922-scaled.jpg\"><img loading=\"lazy\" class=\"alignnone size-medium wp-image-1037\" src=\"https:\/\/www.opelka.de\/wp-content\/uploads\/2023\/01\/DSC00922-300x200.jpg\" alt=\"\" width=\"300\" height=\"200\" srcset=\"https:\/\/www.opelka.de\/wp-content\/uploads\/2023\/01\/DSC00922-300x200.jpg 300w, https:\/\/www.opelka.de\/wp-content\/uploads\/2023\/01\/DSC00922-1024x683.jpg 1024w, https:\/\/www.opelka.de\/wp-content\/uploads\/2023\/01\/DSC00922-768x512.jpg 768w, https:\/\/www.opelka.de\/wp-content\/uploads\/2023\/01\/DSC00922-1536x1024.jpg 1536w, https:\/\/www.opelka.de\/wp-content\/uploads\/2023\/01\/DSC00922-2048x1365.jpg 2048w\" sizes=\"(max-width: 300px) 100vw, 300px\" \/><\/a>Schwei\u00dftische &#8220;Demmeler&#8221; 3000&#215;1500<br \/>\nWIG-Schwei\u00dfanlageV 24<br \/>\nWIG-Schwei\u00dfanlage Lorch HT 220<br \/>\nWIG-Schwei\u00dfanlage T 220<br \/>\nPlasmaschneideanlage PMAX 30 CE<\/p>\n<p><a href=\"https:\/\/www.opelka.de\/wp-content\/uploads\/2023\/01\/DSC00917-scaled.jpg\"><img loading=\"lazy\" class=\"alignnone  wp-image-1033\" src=\"https:\/\/www.opelka.de\/wp-content\/uploads\/2023\/01\/DSC00917-300x167.jpg\" alt=\"\" width=\"628\" height=\"350\" srcset=\"https:\/\/www.opelka.de\/wp-content\/uploads\/2023\/01\/DSC00917-300x167.jpg 300w, https:\/\/www.opelka.de\/wp-content\/uploads\/2023\/01\/DSC00917-1024x571.jpg 1024w, https:\/\/www.opelka.de\/wp-content\/uploads\/2023\/01\/DSC00917-768x428.jpg 768w, https:\/\/www.opelka.de\/wp-content\/uploads\/2023\/01\/DSC00917-1536x857.jpg 1536w, https:\/\/www.opelka.de\/wp-content\/uploads\/2023\/01\/DSC00917-2048x1142.jpg 2048w\" sizes=\"(max-width: 628px) 100vw, 628px\" \/><\/a><\/p>\n<p><a href=\"https:\/\/www.opelka.de\/wp-content\/uploads\/2023\/01\/DSC00931-scaled.jpg\"><img loading=\"lazy\" class=\"alignnone  wp-image-1044\" src=\"https:\/\/www.opelka.de\/wp-content\/uploads\/2023\/01\/DSC00931-300x167.jpg\" alt=\"\" width=\"629\" height=\"350\" srcset=\"https:\/\/www.opelka.de\/wp-content\/uploads\/2023\/01\/DSC00931-300x167.jpg 300w, https:\/\/www.opelka.de\/wp-content\/uploads\/2023\/01\/DSC00931-1024x571.jpg 1024w, https:\/\/www.opelka.de\/wp-content\/uploads\/2023\/01\/DSC00931-768x428.jpg 768w, https:\/\/www.opelka.de\/wp-content\/uploads\/2023\/01\/DSC00931-1536x857.jpg 1536w, https:\/\/www.opelka.de\/wp-content\/uploads\/2023\/01\/DSC00931-2048x1142.jpg 2048w\" sizes=\"(max-width: 629px) 100vw, 629px\" \/><\/a><\/p>","protected":false},"excerpt":{"rendered":"<p>Konstruktion: 3D CAD-Arbeitsplatz mit SolidWorks Spanlose Fertigung: Trumpf TruLaser 1030(CNC) Biegepresse Vario Press 230-35 (CNC) EHT Rundmaschine &#8220;Fasti&#8221; Entgratmaschine LOEWER DM 4TD-1500 Spanende Fertigung: Fr\u00e4smaschine &#8220;Mikron WF 3 SA&#8221; Drehbank &#8220;Piacho S 90-260 \u00d7 1150 mm&#8221; Colchester 60 St\u00e4nderbohrmaschinen &#8211; Tischbohrmaschinen Kaltkreiss\u00e4ge &#8220;Berg &amp; Schmid&#8221; Oberfl\u00e4chenbearbeitung: Druckglasperlstrahlanlage &#8220;Raga&#8221; Gleitschleifanlage f\u00fcr Kleinteile Tr. Bandschleifmaschine Schleif- und [&hellip;]<\/p>","protected":false},"author":1,"featured_media":0,"parent":0,"menu_order":0,"comment_status":"closed","ping_status":"closed","template":"","meta":[],"_links":{"self":[{"href":"https:\/\/www.opelka.de\/fr\/wp-json\/wp\/v2\/pages\/144"}],"collection":[{"href":"https:\/\/www.opelka.de\/fr\/wp-json\/wp\/v2\/pages"}],"about":[{"href":"https:\/\/www.opelka.de\/fr\/wp-json\/wp\/v2\/types\/page"}],"author":[{"embeddable":true,"href":"https:\/\/www.opelka.de\/fr\/wp-json\/wp\/v2\/users\/1"}],"replies":[{"embeddable":true,"href":"https:\/\/www.opelka.de\/fr\/wp-json\/wp\/v2\/comments?post=144"}],"version-history":[{"count":10,"href":"https:\/\/www.opelka.de\/fr\/wp-json\/wp\/v2\/pages\/144\/revisions"}],"predecessor-version":[{"id":1051,"href":"https:\/\/www.opelka.de\/fr\/wp-json\/wp\/v2\/pages\/144\/revisions\/1051"}],"wp:attachment":[{"href":"https:\/\/www.opelka.de\/fr\/wp-json\/wp\/v2\/media?parent=144"}],"curies":[{"name":"wp","href":"https:\/\/api.w.org\/{rel}","templated":true}]}}